{"id":2827,"date":"2021-09-21T14:42:48","date_gmt":"2021-09-21T14:42:48","guid":{"rendered":"https:\/\/giveshop.be\/?post_type=product&#038;p=2827"},"modified":"2026-04-05T04:17:52","modified_gmt":"2026-04-05T04:17:52","slug":"postkaartenset-prettige-feesten-rudolf","status":"publish","type":"product","link":"https:\/\/giveshop.be\/fr\/produit\/postkaartenset-prettige-feesten-rudolf\/","title":{"rendered":"Set de cartes postales -De joyeuses f\u00eates avec Rudolf | 25 cartes"},"content":{"rendered":"<p><span style=\"font-weight: 400;\">Les f\u00eates de fin d'ann\u00e9e approchent, et vos b\u00e9n\u00e9voles accordent sans doute eux aussi beaucoup d\u2019importance \u00e0 ces jours si particuliers. Vous allez peut-\u00eatre fermer vos portes pendant quelques jours, ou au contraire multiplier vos actions solidaires pour rendre la situation agr\u00e9able pour ceux qui en ont besoin. Peut-\u00eatre que vous organiserez une f\u00eate pour les volontaires. Quoi qu'il en soit, vos b\u00e9n\u00e9voles appr\u00e9cieront certainement vos bons v\u0153ux. Et Rudolf se joint \u00e0 vous et replie d\u00e9j\u00e0 ses bois en forme de c\u0153ur ! Meilleurs v\u0153ux ! <\/span><span style=\"font-weight: 400;\">Je bestelt een set van 25 dezelfde kaarten.<\/span><\/p>\n<p><strong>Levertermijnen<\/strong><\/p>\n<p>Je ontvangt je order 2 \u00e0 4 weken na je bestelling.<\/p>\n<p><strong>Sp\u00e9cificit\u00e9s :<\/strong><\/p>\n<ul>\n<li>Format : A6 (10,5 x 14,8 cm)<\/li>\n<li>Papier : 260g<\/li>\n<li>Label de qualit\u00e9 : PEFC<\/li>\n<\/ul>\n<p><strong>Grote oplage of je eigen logo op dit product?<\/strong><\/p>\n<div class=\"wp-block-button\"><a class=\"wp-block-button__link no-border-radius\" href=\"https:\/\/giveshop.be\/fr\/offerte-op-maat\/\">Vraag je offerte<\/a><\/div>","protected":false},"excerpt":{"rendered":"<p><span style=\"font-weight: 400;\">Les f\u00eates de fin d'ann\u00e9e approchent, et vos b\u00e9n\u00e9voles accordent sans doute eux aussi beaucoup d\u2019importance \u00e0 ces jours si particuliers. Vous allez peut-\u00eatre fermer vos portes pendant quelques jours, ou au contraire multiplier vos actions solidaires pour rendre la situation agr\u00e9able pour ceux qui en ont besoin. Peut-\u00eatre que vous organiserez une f\u00eate pour les volontaires. Quoi qu'il en soit, vos b\u00e9n\u00e9voles appr\u00e9cieront certainement vos bons v\u0153ux. Et Rudolf se joint \u00e0 vous et replie d\u00e9j\u00e0 ses bois en forme de c\u0153ur ! Meilleurs v\u0153ux ! <\/span><span style=\"font-weight: 400;\">Je bestelt een set van 25 dezelfde kaarten.<\/span><\/p>\n<p><strong>Levertermijnen<\/strong><\/p>\n<p>Je ontvangt je order 2 \u00e0 4 weken na je bestelling.<\/p>","protected":false},"featured_media":2833,"menu_order":0,"comment_status":"open","ping_status":"closed","template":"","meta":{"_uag_custom_page_level_css":""},"product_cat":[74],"product_tag":[147],"class_list":{"0":"post-2827","1":"product","2":"type-product","3":"status-publish","4":"has-post-thumbnail","6":"product_cat-postkaarten","7":"product_tag-feestdagen","9":"first","10":"instock","11":"taxable","12":"shipping-taxable","13":"purchasable","14":"product-type-simple"},"yoast_head":"<!-- This site is optimized with the Yoast SEO plugin v23.7 - https:\/\/yoast.com\/wordpress\/plugins\/seo\/ -->\n<title>Postkaartenset - Prettige Feesten met Rudolf | 25 stuks - GiveShop<\/title>\n<meta name=\"robots\" content=\"index, follow, max-snippet:-1, max-image-preview:large, max-video-preview:-1\" \/>\n<link rel=\"canonical\" href=\"https:\/\/giveshop.be\/fr\/produit\/postkaartenset-prettige-feesten-rudolf\/\" \/>\n<meta property=\"og:locale\" content=\"fr_FR\" \/>\n<meta property=\"og:type\" content=\"article\" \/>\n<meta property=\"og:title\" content=\"Postkaartenset - Prettige Feesten met Rudolf | 25 stuks - GiveShop\" \/>\n<meta property=\"og:description\" content=\"De feestdagen komen er aan, en ook je vrijwilligers vinden dat ongetwijfeld belangrijke dagen. Misschien sluiten jullie even de deuren, of werken jullie net extra hard om het fijn te maken voor andere mensen. Misschien doen jullie een feestje voor de vrijwilligers. Hoe dan ook, je vrijwilligers zullen deze feestwensen absoluut waarderen. Rudolf het rendier plooit zijn gewei al in een hart. Beste wensen! Je bestelt een set van 25 dezelfde kaarten.  Levertermijnen  Je ontvangt je order 2 \u00e0 4 weken na je bestelling.\" \/>\n<meta property=\"og:url\" content=\"https:\/\/giveshop.be\/fr\/produit\/postkaartenset-prettige-feesten-rudolf\/\" \/>\n<meta property=\"og:site_name\" content=\"GiveShop\" \/>\n<meta property=\"article:modified_time\" content=\"2026-04-05T04:17:52+00:00\" \/>\n<meta property=\"og:image\" content=\"https:\/\/giveshop.be\/wp-content\/uploads\/2021\/09\/vrijwilligers_feesten_rudolf.png\" \/>\n\t<meta property=\"og:image:width\" content=\"570\" \/>\n\t<meta property=\"og:image:height\" content=\"653\" \/>\n\t<meta property=\"og:image:type\" content=\"image\/png\" \/>\n<meta name=\"twitter:card\" content=\"summary_large_image\" \/>\n<meta name=\"twitter:label1\" content=\"Dur\u00e9e de lecture est.\" \/>\n\t<meta name=\"twitter:data1\" content=\"1 minute\" \/>\n<script type=\"application\/ld+json\" class=\"yoast-schema-graph\">{\"@context\":\"https:\/\/schema.org\",\"@graph\":[{\"@type\":\"WebPage\",\"@id\":\"https:\/\/giveshop.be\/product\/postkaartenset-prettige-feesten-rudolf\/\",\"url\":\"https:\/\/giveshop.be\/product\/postkaartenset-prettige-feesten-rudolf\/\",\"name\":\"Postkaartenset - Prettige Feesten met Rudolf | 25 stuks - GiveShop\",\"isPartOf\":{\"@id\":\"https:\/\/giveshop.be\/#website\"},\"primaryImageOfPage\":{\"@id\":\"https:\/\/giveshop.be\/product\/postkaartenset-prettige-feesten-rudolf\/#primaryimage\"},\"image\":{\"@id\":\"https:\/\/giveshop.be\/product\/postkaartenset-prettige-feesten-rudolf\/#primaryimage\"},\"thumbnailUrl\":\"https:\/\/giveshop.be\/wp-content\/uploads\/2021\/09\/vrijwilligers_feesten_rudolf.png\",\"datePublished\":\"2021-09-21T14:42:48+00:00\",\"dateModified\":\"2026-04-05T04:17:52+00:00\",\"breadcrumb\":{\"@id\":\"https:\/\/giveshop.be\/product\/postkaartenset-prettige-feesten-rudolf\/#breadcrumb\"},\"inLanguage\":\"fr-BE\",\"potentialAction\":[{\"@type\":\"ReadAction\",\"target\":[\"https:\/\/giveshop.be\/product\/postkaartenset-prettige-feesten-rudolf\/\"]}]},{\"@type\":\"ImageObject\",\"inLanguage\":\"fr-BE\",\"@id\":\"https:\/\/giveshop.be\/product\/postkaartenset-prettige-feesten-rudolf\/#primaryimage\",\"url\":\"https:\/\/giveshop.be\/wp-content\/uploads\/2021\/09\/vrijwilligers_feesten_rudolf.png\",\"contentUrl\":\"https:\/\/giveshop.be\/wp-content\/uploads\/2021\/09\/vrijwilligers_feesten_rudolf.png\",\"width\":570,\"height\":653,\"caption\":\"Prettige feesten vrijwilliger\"},{\"@type\":\"BreadcrumbList\",\"@id\":\"https:\/\/giveshop.be\/product\/postkaartenset-prettige-feesten-rudolf\/#breadcrumb\",\"itemListElement\":[{\"@type\":\"ListItem\",\"position\":1,\"name\":\"Home\",\"item\":\"https:\/\/giveshop.be\/\"},{\"@type\":\"ListItem\",\"position\":2,\"name\":\"Shop\",\"item\":\"https:\/\/giveshop.be\/fr\/shop\/\"},{\"@type\":\"ListItem\",\"position\":3,\"name\":\"Postkaartenset &#8211; Prettige Feesten met Rudolf | 25 stuks\"}]},{\"@type\":\"WebSite\",\"@id\":\"https:\/\/giveshop.be\/#website\",\"url\":\"https:\/\/giveshop.be\/\",\"name\":\"GiveShop\",\"description\":\"Give social, shop local\",\"potentialAction\":[{\"@type\":\"SearchAction\",\"target\":{\"@type\":\"EntryPoint\",\"urlTemplate\":\"https:\/\/giveshop.be\/?s={search_term_string}\"},\"query-input\":{\"@type\":\"PropertyValueSpecification\",\"valueRequired\":true,\"valueName\":\"search_term_string\"}}],\"inLanguage\":\"fr-BE\"}]}<\/script>\n<!-- \/ Yoast SEO plugin. -->","yoast_head_json":{"title":"Postkaartenset - Prettige Feesten met Rudolf | 25 stuks - GiveShop","robots":{"index":"index","follow":"follow","max-snippet":"max-snippet:-1","max-image-preview":"max-image-preview:large","max-video-preview":"max-video-preview:-1"},"canonical":"https:\/\/giveshop.be\/fr\/produit\/postkaartenset-prettige-feesten-rudolf\/","og_locale":"fr_FR","og_type":"article","og_title":"Postkaartenset - Prettige Feesten met Rudolf | 25 stuks - GiveShop","og_description":"De feestdagen komen er aan, en ook je vrijwilligers vinden dat ongetwijfeld belangrijke dagen. Misschien sluiten jullie even de deuren, of werken jullie net extra hard om het fijn te maken voor andere mensen. Misschien doen jullie een feestje voor de vrijwilligers. Hoe dan ook, je vrijwilligers zullen deze feestwensen absoluut waarderen. Rudolf het rendier plooit zijn gewei al in een hart. Beste wensen! Je bestelt een set van 25 dezelfde kaarten.  Levertermijnen  Je ontvangt je order 2 \u00e0 4 weken na je bestelling.","og_url":"https:\/\/giveshop.be\/fr\/produit\/postkaartenset-prettige-feesten-rudolf\/","og_site_name":"GiveShop","article_modified_time":"2026-04-05T04:17:52+00:00","og_image":[{"width":570,"height":653,"url":"https:\/\/giveshop.be\/wp-content\/uploads\/2021\/09\/vrijwilligers_feesten_rudolf.png","type":"image\/png"}],"twitter_card":"summary_large_image","twitter_misc":{"Dur\u00e9e de lecture est.":"1 minute"},"schema":{"@context":"https:\/\/schema.org","@graph":[{"@type":"WebPage","@id":"https:\/\/giveshop.be\/product\/postkaartenset-prettige-feesten-rudolf\/","url":"https:\/\/giveshop.be\/product\/postkaartenset-prettige-feesten-rudolf\/","name":"Postkaartenset - Prettige Feesten met Rudolf | 25 stuks - GiveShop","isPartOf":{"@id":"https:\/\/giveshop.be\/#website"},"primaryImageOfPage":{"@id":"https:\/\/giveshop.be\/product\/postkaartenset-prettige-feesten-rudolf\/#primaryimage"},"image":{"@id":"https:\/\/giveshop.be\/product\/postkaartenset-prettige-feesten-rudolf\/#primaryimage"},"thumbnailUrl":"https:\/\/giveshop.be\/wp-content\/uploads\/2021\/09\/vrijwilligers_feesten_rudolf.png","datePublished":"2021-09-21T14:42:48+00:00","dateModified":"2026-04-05T04:17:52+00:00","breadcrumb":{"@id":"https:\/\/giveshop.be\/product\/postkaartenset-prettige-feesten-rudolf\/#breadcrumb"},"inLanguage":"fr-BE","potentialAction":[{"@type":"ReadAction","target":["https:\/\/giveshop.be\/product\/postkaartenset-prettige-feesten-rudolf\/"]}]},{"@type":"ImageObject","inLanguage":"fr-BE","@id":"https:\/\/giveshop.be\/product\/postkaartenset-prettige-feesten-rudolf\/#primaryimage","url":"https:\/\/giveshop.be\/wp-content\/uploads\/2021\/09\/vrijwilligers_feesten_rudolf.png","contentUrl":"https:\/\/giveshop.be\/wp-content\/uploads\/2021\/09\/vrijwilligers_feesten_rudolf.png","width":570,"height":653,"caption":"Prettige feesten vrijwilliger"},{"@type":"BreadcrumbList","@id":"https:\/\/giveshop.be\/product\/postkaartenset-prettige-feesten-rudolf\/#breadcrumb","itemListElement":[{"@type":"ListItem","position":1,"name":"Home","item":"https:\/\/giveshop.be\/"},{"@type":"ListItem","position":2,"name":"Shop","item":"https:\/\/giveshop.be\/fr\/shop\/"},{"@type":"ListItem","position":3,"name":"Postkaartenset &#8211; Prettige Feesten met Rudolf | 25 stuks"}]},{"@type":"WebSite","@id":"https:\/\/giveshop.be\/#website","url":"https:\/\/giveshop.be\/","name":"GiveShop","description":"Give social, shop local","potentialAction":[{"@type":"SearchAction","target":{"@type":"EntryPoint","urlTemplate":"https:\/\/giveshop.be\/?s={search_term_string}"},"query-input":{"@type":"PropertyValueSpecification","valueRequired":true,"valueName":"search_term_string"}}],"inLanguage":"fr-BE"}]}},"uagb_featured_image_src":{"full":["https:\/\/giveshop.be\/wp-content\/uploads\/2021\/09\/vrijwilligers_feesten_rudolf.png",570,653,false],"thumbnail":["https:\/\/giveshop.be\/wp-content\/uploads\/2021\/09\/vrijwilligers_feesten_rudolf-150x150.png",150,150,true],"medium":["https:\/\/giveshop.be\/wp-content\/uploads\/2021\/09\/vrijwilligers_feesten_rudolf-262x300.png",262,300,true],"medium_large":["https:\/\/giveshop.be\/wp-content\/uploads\/2021\/09\/vrijwilligers_feesten_rudolf.png",570,653,false],"large":["https:\/\/giveshop.be\/wp-content\/uploads\/2021\/09\/vrijwilligers_feesten_rudolf.png",570,653,false],"1536x1536":["https:\/\/giveshop.be\/wp-content\/uploads\/2021\/09\/vrijwilligers_feesten_rudolf.png",570,653,false],"2048x2048":["https:\/\/giveshop.be\/wp-content\/uploads\/2021\/09\/vrijwilligers_feesten_rudolf.png",570,653,false],"trp-custom-language-flag":["https:\/\/giveshop.be\/wp-content\/uploads\/2021\/09\/vrijwilligers_feesten_rudolf-10x12.png",10,12,true],"rdtheme-size1":["https:\/\/giveshop.be\/wp-content\/uploads\/2021\/09\/vrijwilligers_feesten_rudolf-570x600.png",570,600,true],"rdtheme-size2":["https:\/\/giveshop.be\/wp-content\/uploads\/2021\/09\/vrijwilligers_feesten_rudolf-570x480.png",570,480,true],"rdtheme-size3":["https:\/\/giveshop.be\/wp-content\/uploads\/2021\/09\/vrijwilligers_feesten_rudolf-465x290.png",465,290,true],"rdtheme-size5":["https:\/\/giveshop.be\/wp-content\/uploads\/2021\/09\/vrijwilligers_feesten_rudolf-520x653.png",520,653,true],"rdtheme-size6":["https:\/\/giveshop.be\/wp-content\/uploads\/2021\/09\/vrijwilligers_feesten_rudolf-410x490.png",410,490,true],"rdtheme-size7":["https:\/\/giveshop.be\/wp-content\/uploads\/2021\/09\/vrijwilligers_feesten_rudolf.png",570,653,false],"rdtheme-size8":["https:\/\/giveshop.be\/wp-content\/uploads\/2021\/09\/vrijwilligers_feesten_rudolf-400x438.png",400,438,true],"woocommerce_thumbnail":["https:\/\/giveshop.be\/wp-content\/uploads\/2021\/09\/vrijwilligers_feesten_rudolf-360x432.png",360,432,true],"woocommerce_single":["https:\/\/giveshop.be\/wp-content\/uploads\/2021\/09\/vrijwilligers_feesten_rudolf.png",570,653,false],"woocommerce_gallery_thumbnail":["https:\/\/giveshop.be\/wp-content\/uploads\/2021\/09\/vrijwilligers_feesten_rudolf-150x150.png",150,150,true]},"uagb_author_info":{"display_name":"Lies Pelsmakers","author_link":"https:\/\/giveshop.be\/fr\/author\/"},"uagb_comment_info":48,"uagb_excerpt":"De feestdagen komen er aan, en ook je vrijwilligers vinden dat ongetwijfeld belangrijke dagen. Misschien sluiten jullie even de deuren, of werken jullie net extra hard om het fijn te maken voor andere mensen. Misschien doen jullie een feestje voor de vrijwilligers. Hoe dan ook, je vrijwilligers zullen deze feestwensen absoluut waarderen. Rudolf het rendier&hellip;","_links":{"self":[{"href":"https:\/\/giveshop.be\/fr\/wp-json\/wp\/v2\/product\/2827"}],"collection":[{"href":"https:\/\/giveshop.be\/fr\/wp-json\/wp\/v2\/product"}],"about":[{"href":"https:\/\/giveshop.be\/fr\/wp-json\/wp\/v2\/types\/product"}],"replies":[{"embeddable":true,"href":"https:\/\/giveshop.be\/fr\/wp-json\/wp\/v2\/comments?post=2827"}],"wp:featuredmedia":[{"embeddable":true,"href":"https:\/\/giveshop.be\/fr\/wp-json\/wp\/v2\/media\/2833"}],"wp:attachment":[{"href":"https:\/\/giveshop.be\/fr\/wp-json\/wp\/v2\/media?parent=2827"}],"wp:term":[{"taxonomy":"product_cat","embeddable":true,"href":"https:\/\/giveshop.be\/fr\/wp-json\/wp\/v2\/product_cat?post=2827"},{"taxonomy":"product_tag","embeddable":true,"href":"https:\/\/giveshop.be\/fr\/wp-json\/wp\/v2\/product_tag?post=2827"}],"curies":[{"name":"wp","href":"https:\/\/api.w.org\/{rel}","templated":true}]}}